{"id":1012,"date":"2020-08-10T16:00:43","date_gmt":"2020-08-10T20:00:43","guid":{"rendered":"https:\/\/catherinegaudet.com\/?page_id=1012"},"modified":"2024-03-15T14:36:11","modified_gmt":"2024-03-15T18:36:11","slug":"contact","status":"publish","type":"page","link":"https:\/\/catherinegaudet.com\/en\/contact\/","title":{"rendered":"contact"},"content":{"rendered":"\t\t<div data-elementor-type=\"wp-page\" data-elementor-id=\"1012\" class=\"elementor elementor-1012 elementor-535\" data-elementor-post-type=\"page\">\n\t\t\t\t\t\t<section class=\"elementor-section elementor-top-section elementor-element elementor-element-bf3b2aa elementor-section-content-top elementor-section-boxed elementor-section-height-default elementor-section-height-default\" data-id=\"bf3b2aa\" data-element_type=\"section\" data-e-type=\"section\">\n\t\t\t\t\t\t<div class=\"elementor-container elementor-column-gap-default\">\n\t\t\t\t\t<div class=\"elementor-column elementor-col-100 elementor-top-column elementor-element elementor-element-5e57ccf\" data-id=\"5e57ccf\" data-element_type=\"column\" data-e-type=\"column\">\n\t\t\t<div class=\"elementor-widget-wrap elementor-element-populated\">\n\t\t\t\t\t\t<div class=\"elementor-element elementor-element-4af8d99 elementor-widget elementor-widget-spacer\" data-id=\"4af8d99\" data-element_type=\"widget\" data-e-type=\"widget\" data-widget_type=\"spacer.default\">\n\t\t\t\t<div class=\"elementor-widget-container\">\n\t\t\t\t\t\t\t<div class=\"elementor-spacer\">\n\t\t\t<div class=\"elementor-spacer-inner\"><\/div>\n\t\t<\/div>\n\t\t\t\t\t\t<\/div>\n\t\t\t\t<\/div>\n\t\t\t\t<section class=\"elementor-section elementor-inner-section elementor-element elementor-element-6e21dfb elementor-section-boxed elementor-section-height-default elementor-section-height-default\" data-id=\"6e21dfb\" data-element_type=\"section\" data-e-type=\"section\">\n\t\t\t\t\t\t<div class=\"elementor-container elementor-column-gap-default\">\n\t\t\t\t\t<div class=\"elementor-column elementor-col-100 elementor-inner-column elementor-element elementor-element-2ddaa6d\" data-id=\"2ddaa6d\" data-element_type=\"column\" data-e-type=\"column\">\n\t\t\t<div class=\"elementor-widget-wrap elementor-element-populated\">\n\t\t\t\t\t\t<div class=\"elementor-element elementor-element-496d18d elementor-widget elementor-widget-heading\" data-id=\"496d18d\" data-element_type=\"widget\" data-e-type=\"widget\" data-widget_type=\"heading.default\">\n\t\t\t\t<div class=\"elementor-widget-container\">\n\t\t\t\t\t<h1 class=\"elementor-heading-title elementor-size-xl\">contact<\/h1>\t\t\t\t<\/div>\n\t\t\t\t<\/div>\n\t\t\t\t<div class=\"elementor-element elementor-element-5ffb49d elementor-widget elementor-widget-spacer\" data-id=\"5ffb49d\" data-element_type=\"widget\" data-e-type=\"widget\" data-widget_type=\"spacer.default\">\n\t\t\t\t<div class=\"elementor-widget-container\">\n\t\t\t\t\t\t\t<div class=\"elementor-spacer\">\n\t\t\t<div class=\"elementor-spacer-inner\"><\/div>\n\t\t<\/div>\n\t\t\t\t\t\t<\/div>\n\t\t\t\t<\/div>\n\t\t\t\t<div class=\"elementor-element elementor-element-066a1fb elementor-widget elementor-widget-spacer\" data-id=\"066a1fb\" data-element_type=\"widget\" data-e-type=\"widget\" data-widget_type=\"spacer.default\">\n\t\t\t\t<div class=\"elementor-widget-container\">\n\t\t\t\t\t\t\t<div class=\"elementor-spacer\">\n\t\t\t<div class=\"elementor-spacer-inner\"><\/div>\n\t\t<\/div>\n\t\t\t\t\t\t<\/div>\n\t\t\t\t<\/div>\n\t\t\t\t\t<\/div>\n\t\t<\/div>\n\t\t\t\t\t<\/div>\n\t\t<\/section>\n\t\t\t\t<section class=\"elementor-section elementor-inner-section elementor-element elementor-element-b94f1a4 elementor-reverse-tablet elementor-reverse-mobile elementor-section-boxed elementor-section-height-default elementor-section-height-default\" data-id=\"b94f1a4\" data-element_type=\"section\" data-e-type=\"section\">\n\t\t\t\t\t\t<div class=\"elementor-container elementor-column-gap-default\">\n\t\t\t\t\t<div class=\"elementor-column elementor-col-50 elementor-inner-column elementor-element elementor-element-d3e5faf\" data-id=\"d3e5faf\" data-element_type=\"column\" data-e-type=\"column\">\n\t\t\t<div class=\"elementor-widget-wrap elementor-element-populated\">\n\t\t\t\t\t\t<div class=\"elementor-element elementor-element-907c768 elementor-widget elementor-widget-text-editor\" data-id=\"907c768\" data-element_type=\"widget\" data-e-type=\"widget\" data-widget_type=\"text-editor.default\">\n\t\t\t\t<div class=\"elementor-widget-container\">\n\t\t\t\t\t\t\t\t\t<p><strong>GENERAL AND ARTISTIC DIRECTOR <\/strong><br \/><strong>Catherine Gaudet<\/strong><br \/><a href=\"mailto:catherinegaudet@catherinegaudet.com\">catherinegaudet@catherinegaudet.com<\/a><\/p><p><strong>NATIONAL AND INTERNATIONAL DEVELOPMENT<\/strong><br \/>DLD-Daniel L\u00e9veill\u00e9 Danse <br \/><strong>Marie-Andr\u00e9e Gougeon<\/strong> <br \/><a href=\"mailto:dev@dldanse.com\" target=\"_blank\" rel=\"noopener\">dev@dldanse.com<\/a><br \/>001-514-504-8712<br \/>&#8211;<br \/><strong>Marta Oliveres<\/strong> <br \/><a href=\"mailto:martamom@icloud.com\">martamom@icloud.com<\/a><br \/>+34 610 802 931<\/p><p><strong>COMMUNICATIONS<\/strong> <br \/>Dgeyne Dantiste<br \/><a href=\"mailto:communications@catherinegaudet.com\">communications@catherinegaudet.com<\/a><\/p><p><strong>GENERAL INFORMATION <\/strong><br \/><a href=\"mailto:info@catherinegaudet.com\">info@catherinegaudet.com<\/a><\/p>\t\t\t\t\t\t\t\t<\/div>\n\t\t\t\t<\/div>\n\t\t\t\t\t<\/div>\n\t\t<\/div>\n\t\t\t\t<div class=\"elementor-column elementor-col-50 elementor-inner-column elementor-element elementor-element-673d2eb\" data-id=\"673d2eb\" data-element_type=\"column\" data-e-type=\"column\">\n\t\t\t<div class=\"elementor-widget-wrap elementor-element-populated\">\n\t\t\t\t\t\t<div class=\"elementor-element elementor-element-c950492 elementor-widget elementor-widget-image\" data-id=\"c950492\" data-element_type=\"widget\" data-e-type=\"widget\" data-widget_type=\"image.default\">\n\t\t\t\t<div class=\"elementor-widget-container\">\n\t\t\t\t\t\t\t\t\t\t\t\t\t\t\t<img fetchpriority=\"high\" decoding=\"async\" width=\"800\" height=\"533\" src=\"https:\/\/catherinegaudet.com\/wp-content\/uploads\/2020\/05\/Affadissement-Groupe-Julie-Artacho.jpg\" class=\"attachment-full size-full wp-image-810\" alt=\"\" srcset=\"https:\/\/catherinegaudet.com\/wp-content\/uploads\/2020\/05\/Affadissement-Groupe-Julie-Artacho.jpg 800w, https:\/\/catherinegaudet.com\/wp-content\/uploads\/2020\/05\/Affadissement-Groupe-Julie-Artacho-300x200.jpg 300w, https:\/\/catherinegaudet.com\/wp-content\/uploads\/2020\/05\/Affadissement-Groupe-Julie-Artacho-768x512.jpg 768w\" sizes=\"(max-width: 800px) 100vw, 800px\" \/>\t\t\t\t\t\t\t\t\t\t\t\t\t\t\t<\/div>\n\t\t\t\t<\/div>\n\t\t\t\t<div class=\"elementor-element elementor-element-5e66a3d elementor-widget elementor-widget-text-editor\" data-id=\"5e66a3d\" data-element_type=\"widget\" data-e-type=\"widget\" data-widget_type=\"text-editor.default\">\n\t\t\t\t<div class=\"elementor-widget-container\">\n\t\t\t\t\t\t\t\t\t<p>\u00a9 Julie Artacho<\/p>\t\t\t\t\t\t\t\t<\/div>\n\t\t\t\t<\/div>\n\t\t\t\t\t<\/div>\n\t\t<\/div>\n\t\t\t\t\t<\/div>\n\t\t<\/section>\n\t\t\t\t<div class=\"elementor-element elementor-element-9019d1a elementor-widget elementor-widget-spacer\" data-id=\"9019d1a\" data-element_type=\"widget\" data-e-type=\"widget\" data-widget_type=\"spacer.default\">\n\t\t\t\t<div class=\"elementor-widget-container\">\n\t\t\t\t\t\t\t<div class=\"elementor-spacer\">\n\t\t\t<div class=\"elementor-spacer-inner\"><\/div>\n\t\t<\/div>\n\t\t\t\t\t\t<\/div>\n\t\t\t\t<\/div>\n\t\t\t\t\t<\/div>\n\t\t<\/div>\n\t\t\t\t\t<\/div>\n\t\t<\/section>\n\t\t\t\t<\/div>\n\t\t","protected":false},"excerpt":{"rendered":"<p>contact GENERAL AND ARTISTIC DIRECTOR Catherine Gaudetcatherinegaudet@catherinegaudet.com NATIONAL AND INTERNATIONAL DEVELOPMENTDLD-Daniel L\u00e9veill\u00e9 Danse Marie-Andr\u00e9e Gougeon dev@dldanse.com001-514-504-8712&#8211;Marta Oliveres martamom@icloud.com+34 610 802 931 COMMUNICATIONS Dgeyne Dantistecommunications@catherinegaudet.com GENERAL INFORMATION info@catherinegaudet.com \u00a9 Julie Artacho<\/p>\n","protected":false},"author":1,"featured_media":0,"parent":0,"menu_order":0,"comment_status":"closed","ping_status":"closed","template":"elementor_header_footer","meta":{"site-sidebar-layout":"no-sidebar","site-content-layout":"page-builder","ast-site-content-layout":"default","site-content-style":"default","site-sidebar-style":"default","ast-global-header-display":"","ast-banner-title-visibility":"","ast-main-header-display":"","ast-hfb-above-header-display":"","ast-hfb-below-header-display":"","ast-hfb-mobile-header-display":"","site-post-title":"disabled","ast-breadcrumbs-content":"","ast-featured-img":"disabled","footer-sml-layout":"","ast-disable-related-posts":"","theme-transparent-header-meta":"default","adv-header-id-meta":"","stick-header-meta":"","header-above-stick-meta":"","header-main-stick-meta":"","header-below-stick-meta":"","astra-migrate-meta-layouts":"default","ast-page-background-enabled":"default","ast-page-background-meta":{"desktop":{"background-color":"","background-image":"","background-repeat":"repeat","background-position":"center center","background-size":"auto","background-attachment":"scroll","background-type":"","background-media":"","overlay-type":"","overlay-color":"","overlay-opacity":"","overlay-gradient":""},"tablet":{"background-color":"","background-image":"","background-repeat":"repeat","background-position":"center center","background-size":"auto","background-attachment":"scroll","background-type":"","background-media":"","overlay-type":"","overlay-color":"","overlay-opacity":"","overlay-gradient":""},"mobile":{"background-color":"","background-image":"","background-repeat":"repeat","background-position":"center center","background-size":"auto","background-attachment":"scroll","background-type":"","background-media":"","overlay-type":"","overlay-color":"","overlay-opacity":"","overlay-gradient":""}},"ast-content-background-meta":{"desktop":{"background-color":"var(--ast-global-color-5)","background-image":"","background-repeat":"repeat","background-position":"center center","background-size":"auto","background-attachment":"scroll","background-type":"","background-media":"","overlay-type":"","overlay-color":"","overlay-opacity":"","overlay-gradient":""},"tablet":{"background-color":"var(--ast-global-color-5)","background-image":"","background-repeat":"repeat","background-position":"center center","background-size":"auto","background-attachment":"scroll","background-type":"","background-media":"","overlay-type":"","overlay-color":"","overlay-opacity":"","overlay-gradient":""},"mobile":{"background-color":"var(--ast-global-color-5)","background-image":"","background-repeat":"repeat","background-position":"center center","background-size":"auto","background-attachment":"scroll","background-type":"","background-media":"","overlay-type":"","overlay-color":"","overlay-opacity":"","overlay-gradient":""}},"footnotes":""},"class_list":["post-1012","page","type-page","status-publish","hentry"],"yoast_head":"<!-- This site is optimized with the Yoast SEO plugin v27.0 - https:\/\/yoast.com\/product\/yoast-seo-wordpress\/ -->\n<title>contact - Compagnie Catherine Gaudet<\/title>\n<meta name=\"robots\" content=\"index, follow, max-snippet:-1, max-image-preview:large, max-video-preview:-1\" \/>\n<link rel=\"canonical\" href=\"https:\/\/catherinegaudet.com\/en\/contact\/\" \/>\n<meta property=\"og:locale\" content=\"en_US\" \/>\n<meta property=\"og:type\" content=\"article\" \/>\n<meta property=\"og:title\" content=\"contact - Compagnie Catherine Gaudet\" \/>\n<meta property=\"og:description\" content=\"contact GENERAL AND ARTISTIC DIRECTOR Catherine Gaudetcatherinegaudet@catherinegaudet.com NATIONAL AND INTERNATIONAL DEVELOPMENTDLD-Daniel L\u00e9veill\u00e9 Danse Marie-Andr\u00e9e Gougeon dev@dldanse.com001-514-504-8712&#8211;Marta Oliveres martamom@icloud.com+34 610 802 931 COMMUNICATIONS Dgeyne Dantistecommunications@catherinegaudet.com GENERAL INFORMATION info@catherinegaudet.com \u00a9 Julie Artacho\" \/>\n<meta property=\"og:url\" content=\"https:\/\/catherinegaudet.com\/en\/contact\/\" \/>\n<meta property=\"og:site_name\" content=\"Compagnie Catherine Gaudet\" \/>\n<meta property=\"article:publisher\" content=\"https:\/\/www.facebook.com\/cie.catherinegaudet\" \/>\n<meta property=\"article:modified_time\" content=\"2024-03-15T18:36:11+00:00\" \/>\n<meta property=\"og:image\" content=\"https:\/\/catherinegaudet.com\/wp-content\/uploads\/2020\/05\/Affadissement-Groupe-Julie-Artacho.jpg\" \/>\n<meta name=\"twitter:card\" content=\"summary_large_image\" \/>\n<meta name=\"twitter:label1\" content=\"Est. reading time\" \/>\n\t<meta name=\"twitter:data1\" content=\"1 minute\" \/>\n<script type=\"application\/ld+json\" class=\"yoast-schema-graph\">{\"@context\":\"https:\/\/schema.org\",\"@graph\":[{\"@type\":\"WebPage\",\"@id\":\"https:\/\/catherinegaudet.com\/en\/contact\/\",\"url\":\"https:\/\/catherinegaudet.com\/en\/contact\/\",\"name\":\"contact - Compagnie Catherine Gaudet\",\"isPartOf\":{\"@id\":\"https:\/\/catherinegaudet.com\/en\/#website\"},\"primaryImageOfPage\":{\"@id\":\"https:\/\/catherinegaudet.com\/en\/contact\/#primaryimage\"},\"image\":{\"@id\":\"https:\/\/catherinegaudet.com\/en\/contact\/#primaryimage\"},\"thumbnailUrl\":\"https:\/\/catherinegaudet.com\/wp-content\/uploads\/2020\/05\/Affadissement-Groupe-Julie-Artacho.jpg\",\"datePublished\":\"2020-08-10T20:00:43+00:00\",\"dateModified\":\"2024-03-15T18:36:11+00:00\",\"breadcrumb\":{\"@id\":\"https:\/\/catherinegaudet.com\/en\/contact\/#breadcrumb\"},\"inLanguage\":\"en-US\",\"potentialAction\":[{\"@type\":\"ReadAction\",\"target\":[\"https:\/\/catherinegaudet.com\/en\/contact\/\"]}]},{\"@type\":\"ImageObject\",\"inLanguage\":\"en-US\",\"@id\":\"https:\/\/catherinegaudet.com\/en\/contact\/#primaryimage\",\"url\":\"https:\/\/catherinegaudet.com\/wp-content\/uploads\/2020\/05\/Affadissement-Groupe-Julie-Artacho.jpg\",\"contentUrl\":\"https:\/\/catherinegaudet.com\/wp-content\/uploads\/2020\/05\/Affadissement-Groupe-Julie-Artacho.jpg\"},{\"@type\":\"BreadcrumbList\",\"@id\":\"https:\/\/catherinegaudet.com\/en\/contact\/#breadcrumb\",\"itemListElement\":[{\"@type\":\"ListItem\",\"position\":1,\"name\":\"Accueil\",\"item\":\"https:\/\/catherinegaudet.com\/en\/\"},{\"@type\":\"ListItem\",\"position\":2,\"name\":\"contact\"}]},{\"@type\":\"WebSite\",\"@id\":\"https:\/\/catherinegaudet.com\/en\/#website\",\"url\":\"https:\/\/catherinegaudet.com\/en\/\",\"name\":\"Compagnie Catherine Gaudet\",\"description\":\"Chor\u00e9graphe\",\"publisher\":{\"@id\":\"https:\/\/catherinegaudet.com\/en\/#organization\"},\"potentialAction\":[{\"@type\":\"SearchAction\",\"target\":{\"@type\":\"EntryPoint\",\"urlTemplate\":\"https:\/\/catherinegaudet.com\/en\/?s={search_term_string}\"},\"query-input\":{\"@type\":\"PropertyValueSpecification\",\"valueRequired\":true,\"valueName\":\"search_term_string\"}}],\"inLanguage\":\"en-US\"},{\"@type\":\"Organization\",\"@id\":\"https:\/\/catherinegaudet.com\/en\/#organization\",\"name\":\"Compagnie Catherine Gaudet\",\"url\":\"https:\/\/catherinegaudet.com\/en\/\",\"logo\":{\"@type\":\"ImageObject\",\"inLanguage\":\"en-US\",\"@id\":\"https:\/\/catherinegaudet.com\/en\/#\/schema\/logo\/image\/\",\"url\":\"https:\/\/catherinegaudet.com\/wp-content\/uploads\/2020\/04\/logo-catherine-gaudet-2.png\",\"contentUrl\":\"https:\/\/catherinegaudet.com\/wp-content\/uploads\/2020\/04\/logo-catherine-gaudet-2.png\",\"width\":600,\"height\":384,\"caption\":\"Compagnie Catherine Gaudet\"},\"image\":{\"@id\":\"https:\/\/catherinegaudet.com\/en\/#\/schema\/logo\/image\/\"},\"sameAs\":[\"https:\/\/www.facebook.com\/cie.catherinegaudet\",\"https:\/\/www.instagram.com\/catherinegaudet_mtl\/\"]}]}<\/script>\n<!-- \/ Yoast SEO plugin. -->","yoast_head_json":{"title":"contact - Compagnie Catherine Gaudet","robots":{"index":"index","follow":"follow","max-snippet":"max-snippet:-1","max-image-preview":"max-image-preview:large","max-video-preview":"max-video-preview:-1"},"canonical":"https:\/\/catherinegaudet.com\/en\/contact\/","og_locale":"en_US","og_type":"article","og_title":"contact - Compagnie Catherine Gaudet","og_description":"contact GENERAL AND ARTISTIC DIRECTOR Catherine Gaudetcatherinegaudet@catherinegaudet.com NATIONAL AND INTERNATIONAL DEVELOPMENTDLD-Daniel L\u00e9veill\u00e9 Danse Marie-Andr\u00e9e Gougeon dev@dldanse.com001-514-504-8712&#8211;Marta Oliveres martamom@icloud.com+34 610 802 931 COMMUNICATIONS Dgeyne Dantistecommunications@catherinegaudet.com GENERAL INFORMATION info@catherinegaudet.com \u00a9 Julie Artacho","og_url":"https:\/\/catherinegaudet.com\/en\/contact\/","og_site_name":"Compagnie Catherine Gaudet","article_publisher":"https:\/\/www.facebook.com\/cie.catherinegaudet","article_modified_time":"2024-03-15T18:36:11+00:00","og_image":[{"url":"https:\/\/catherinegaudet.com\/wp-content\/uploads\/2020\/05\/Affadissement-Groupe-Julie-Artacho.jpg","type":"","width":"","height":""}],"twitter_card":"summary_large_image","twitter_misc":{"Est. reading time":"1 minute"},"schema":{"@context":"https:\/\/schema.org","@graph":[{"@type":"WebPage","@id":"https:\/\/catherinegaudet.com\/en\/contact\/","url":"https:\/\/catherinegaudet.com\/en\/contact\/","name":"contact - Compagnie Catherine Gaudet","isPartOf":{"@id":"https:\/\/catherinegaudet.com\/en\/#website"},"primaryImageOfPage":{"@id":"https:\/\/catherinegaudet.com\/en\/contact\/#primaryimage"},"image":{"@id":"https:\/\/catherinegaudet.com\/en\/contact\/#primaryimage"},"thumbnailUrl":"https:\/\/catherinegaudet.com\/wp-content\/uploads\/2020\/05\/Affadissement-Groupe-Julie-Artacho.jpg","datePublished":"2020-08-10T20:00:43+00:00","dateModified":"2024-03-15T18:36:11+00:00","breadcrumb":{"@id":"https:\/\/catherinegaudet.com\/en\/contact\/#breadcrumb"},"inLanguage":"en-US","potentialAction":[{"@type":"ReadAction","target":["https:\/\/catherinegaudet.com\/en\/contact\/"]}]},{"@type":"ImageObject","inLanguage":"en-US","@id":"https:\/\/catherinegaudet.com\/en\/contact\/#primaryimage","url":"https:\/\/catherinegaudet.com\/wp-content\/uploads\/2020\/05\/Affadissement-Groupe-Julie-Artacho.jpg","contentUrl":"https:\/\/catherinegaudet.com\/wp-content\/uploads\/2020\/05\/Affadissement-Groupe-Julie-Artacho.jpg"},{"@type":"BreadcrumbList","@id":"https:\/\/catherinegaudet.com\/en\/contact\/#breadcrumb","itemListElement":[{"@type":"ListItem","position":1,"name":"Accueil","item":"https:\/\/catherinegaudet.com\/en\/"},{"@type":"ListItem","position":2,"name":"contact"}]},{"@type":"WebSite","@id":"https:\/\/catherinegaudet.com\/en\/#website","url":"https:\/\/catherinegaudet.com\/en\/","name":"Compagnie Catherine Gaudet","description":"Chor\u00e9graphe","publisher":{"@id":"https:\/\/catherinegaudet.com\/en\/#organization"},"potentialAction":[{"@type":"SearchAction","target":{"@type":"EntryPoint","urlTemplate":"https:\/\/catherinegaudet.com\/en\/?s={search_term_string}"},"query-input":{"@type":"PropertyValueSpecification","valueRequired":true,"valueName":"search_term_string"}}],"inLanguage":"en-US"},{"@type":"Organization","@id":"https:\/\/catherinegaudet.com\/en\/#organization","name":"Compagnie Catherine Gaudet","url":"https:\/\/catherinegaudet.com\/en\/","logo":{"@type":"ImageObject","inLanguage":"en-US","@id":"https:\/\/catherinegaudet.com\/en\/#\/schema\/logo\/image\/","url":"https:\/\/catherinegaudet.com\/wp-content\/uploads\/2020\/04\/logo-catherine-gaudet-2.png","contentUrl":"https:\/\/catherinegaudet.com\/wp-content\/uploads\/2020\/04\/logo-catherine-gaudet-2.png","width":600,"height":384,"caption":"Compagnie Catherine Gaudet"},"image":{"@id":"https:\/\/catherinegaudet.com\/en\/#\/schema\/logo\/image\/"},"sameAs":["https:\/\/www.facebook.com\/cie.catherinegaudet","https:\/\/www.instagram.com\/catherinegaudet_mtl\/"]}]}},"_links":{"self":[{"href":"https:\/\/catherinegaudet.com\/en\/wp-json\/wp\/v2\/pages\/1012","targetHints":{"allow":["GET"]}}],"collection":[{"href":"https:\/\/catherinegaudet.com\/en\/wp-json\/wp\/v2\/pages"}],"about":[{"href":"https:\/\/catherinegaudet.com\/en\/wp-json\/wp\/v2\/types\/page"}],"author":[{"embeddable":true,"href":"https:\/\/catherinegaudet.com\/en\/wp-json\/wp\/v2\/users\/1"}],"replies":[{"embeddable":true,"href":"https:\/\/catherinegaudet.com\/en\/wp-json\/wp\/v2\/comments?post=1012"}],"version-history":[{"count":3,"href":"https:\/\/catherinegaudet.com\/en\/wp-json\/wp\/v2\/pages\/1012\/revisions"}],"predecessor-version":[{"id":2004,"href":"https:\/\/catherinegaudet.com\/en\/wp-json\/wp\/v2\/pages\/1012\/revisions\/2004"}],"wp:attachment":[{"href":"https:\/\/catherinegaudet.com\/en\/wp-json\/wp\/v2\/media?parent=1012"}],"curies":[{"name":"wp","href":"https:\/\/api.w.org\/{rel}","templated":true}]}}